{"id":55,"date":"2016-06-13T15:48:45","date_gmt":"2016-06-13T15:48:45","guid":{"rendered":"http:\/\/sw-themes.com\/porto_dummy\/?page_id=55"},"modified":"2019-07-16T14:31:39","modified_gmt":"2019-07-16T11:31:39","slug":"about-us","status":"publish","type":"page","link":"https:\/\/mimarsinanavize.com\/index.php\/about-us\/","title":{"rendered":"Biz kimiz ?"},"content":{"rendered":"<p>[vc_row wrap_container=&#8221;yes&#8221; el_class=&#8221;p-b-lg&#8221;][vc_column]<h2 class=\"word-rotator-title short m-t-xl\" style=\"line-height:46px;text-align:center;\"><span class=\"word-rotate-prefix\" style=\"\">Mimar Sinan Avize<\/span> <strong class=\"inverted\" style=\"font-family:&#039;Open Sans&#039;;color:#ffffff;background:#dd3333;\"><span class=\"word-rotate\" data-plugin-options=\"{'delay': 3000, 'animDelay': 200, 'pauseOnHover': false}\"><span class=\"word-rotate-items\"><span class=\"active\">kimdir ?<\/span><span>neler yapar ?<\/span><span>misyonu ?<\/span><span>Vizyonu ?<\/span><\/span><\/span><\/strong><\/h2>[vc_column_text el_class=&#8221;text-left&#8221;]<\/p>\n<p style=\"text-align: left;\"><span style=\"font-size: 17px;\"><img loading=\"lazy\" decoding=\"async\" class=\"wp-image-1355 alignleft\" src=\"https:\/\/mimarsinanavize.com\/wp-content\/uploads\/2019\/07\/avize_slyt_3.png\" alt=\"\" width=\"327\" height=\"358\" srcset=\"https:\/\/mimarsinanavize.com\/wp-content\/uploads\/2019\/07\/avize_slyt_3.png 680w, https:\/\/mimarsinanavize.com\/wp-content\/uploads\/2019\/07\/avize_slyt_3-273x300.png 273w, https:\/\/mimarsinanavize.com\/wp-content\/uploads\/2019\/07\/avize_slyt_3-640x702.png 640w, https:\/\/mimarsinanavize.com\/wp-content\/uploads\/2019\/07\/avize_slyt_3-400x439.png 400w, https:\/\/mimarsinanavize.com\/wp-content\/uploads\/2019\/07\/avize_slyt_3-367x403.png 367w\" sizes=\"(max-width: 327px) 100vw, 327px\" \/>2016 y\u0131l\u0131nda ba\u015flayan yolculu\u011fumuzda klasik ve modern uygulamalar\u0131m\u0131z ile metal&#8217;e \u015fekil vererek ortamlar\u0131n\u0131za renk ve \u0131\u015f\u0131k veriyoruz. \u00d6zel tasar\u0131mlar ile istedi\u011finiz \u00f6l\u00e7\u00fcde istedi\u011finiz zengin desenleri sizin i\u00e7in tasarlayabiliriz. \u00dclke \u00e7ap\u0131nda \u00dcretimini ger\u00e7ekle\u015ftirdi\u011fi y\u00fczlerce camii ve sosyal tesis,konut, i\u015f merkezi alanlar\u0131, Mimar Sinan Avize&#8217;nin derin tecr\u00fcbe ve bilgi birikimini yans\u0131tmaktad\u0131r. Her bir projede m\u00fc\u015fterilerinin beklentilerini en \u00fcst d\u00fczeyde kar\u015f\u0131lamay\u0131 ilke edinmi\u015f olan Mimar Sinan Avize, bilgi birikimini y\u00fcksek Metal teknolojisiyle birle\u015ftirerek m\u00fc\u015fterilerinin hizmetine gururla sunmaktad\u0131r.<br \/>\n<\/span><br \/>\n<span style=\"font-size: 17px;\">Mimar Sinan Avize, Y\u00fcksek Teknoloji&#8217;yi ve en g\u00fcncel yap\u0131m tekniklerini tasar\u0131m ve uygulamalar\u0131nda kullanarak; Modern Mimari yakla\u015f\u0131mlar\u0131n\u0131 ortaya koyan i\u015flere imza atmaktad\u0131r. Mimar Sinan Avize ile \u00e7al\u0131\u015ft\u0131\u011f\u0131n\u0131zda; Kaliteli ve g\u00fcvenli \u00fcr\u00fcn ald\u0131\u011f\u0131n\u0131zdan emin olursunuz. Geli\u015fmi\u015f ve \u00f6zverili bir sat\u0131\u015f \u00f6ncesi ve sonras\u0131 ileti\u015fim ve destek hizmetiyle kar\u015f\u0131lan\u0131rs\u0131n\u0131z. Geni\u015f \u00fcr\u00fcn ve tedarik yelpazesine sahip olursunuz. Her y\u00f6n\u00fcyle kurumsalla\u015fm\u0131\u015f bir \u00e7\u00f6z\u00fcm orta\u011f\u0131yla \u00e7al\u0131\u015fman\u0131n rahatl\u0131\u011f\u0131n\u0131 ya\u015fars\u0131n\u0131z ve en \u00f6nemlisi y\u00fcz\u00fcn\u00fcz g\u00fcler. <\/span><br \/>\n<span style=\"font-size: 17px;\">Firmam\u0131z Mimar Sinan Avize kuruldu\u011fu g\u00fcnden bug\u00fcne kadar kalitesinden \u00f6d\u00fcn vermeden, yurt i\u00e7inde ve yurt d\u0131\u015f\u0131nda \u00fcstlenmi\u015f oldu\u011fumuz bir \u00e7ok \u00f6nemli projeyi ba\u015far\u0131yla tamamlad\u0131k. \u00dcr\u00fcnlerimiz tasar\u0131m a\u015famas\u0131ndan \u00e7\u0131k\u0131p uygulamaya ge\u00e7ti\u011fi andan itibaren t\u00fcm materyalleri ve elektrik aksam\u0131 TSE Normlar\u0131na uygun olarak \u00fcretilir. Ayn\u0131 zamanda \u00fcretilen b\u00fct\u00fcn avize modellerin de ham madde olarak istenilen Metal malzeme kulan\u0131labilmektedir. \u00d6zel lak, vernik uygulamas\u0131 ile metal aksamlar\u0131n\u0131n nem, rutubet ve kullan\u0131ma dayal\u0131 deformasyonlar\u0131n\u0131 minimize etmektedir.<br \/>\n<\/span><br \/>\n<span style=\"font-size: 17px;\">Sayg\u0131lar\u0131m\u0131zla &#8230; <\/span><\/p>\n<p>[\/vc_column_text][vc_separator color=&#8221;custom&#8221; gap=&#8221;taller&#8221; gradient=&#8221;yes&#8221;][\/vc_column][\/vc_row][vc_row full_width=&#8221;stretch_row&#8221; wrap_container=&#8221;yes&#8221; is_section=&#8221;yes&#8221; section_skin=&#8221;primary&#8221; remove_margin_top=&#8221;yes&#8221; remove_margin_bottom=&#8221;yes&#8221; el_class=&#8221;p-b-xl&#8221;][vc_column width=&#8221;1\/4&#8243;]<div class=\"stats-block stats-top  m-b \"><div class=\"porto-sicon-top\"><div id=\"porto-icon-148545029269fa9a643d309\" class=\"porto-just-icon-wrapper  \"><div class=\"align-icon\" style=\"text-align:center;\"><\/div><\/div><\/div><div class=\"stats-desc\"><div id=\"counter_23418658369fa9a643d329\" data-id=\"counter_23418658369fa9a643d329\" class=\"stats-number\" style=\" font-size:50px;color:#ffffff;\" data-speed=\"3\" data-counter-value=\"20000\" data-separator=\"none\" data-decimal=\".\">0<\/div><div class=\"counter_suffix mycust\" style=\" font-size:50px;color:#ffffff\">+<\/div><div class=\"stats-text\" style=\"font-size:20px;color:#ffffff;\">Mutlu M\u00fc\u015fteri<\/div><\/div><\/div><script>\n\tjQuery(document).ready(function($) {\n\t\tif (typeof countUp == \"undefined\") {\n\t\t\tvar c = document.createElement(\"script\");\n\t\t\tc.src = \"\";\n\t\t\tif (!$('script[src=\"' + c.src + '\"]').length) {\n\t\t\t\tdocument.getElementsByTagName(\"body\")[0].appendChild(c);\n\t\t\t}\n\t\t\tc = document.createElement(\"script\");\n\t\t\tc.src = \"\";\n\t\t\tif (!$('script[src=\"' + c.src + '\"]').length) {\n\t\t\t\tdocument.getElementsByTagName(\"body\")[0].appendChild(c);\n\t\t\t}\n\t\t}\n\t});\n<\/script>\n[\/vc_column][vc_column width=&#8221;1\/4&#8243;]<div class=\"stats-block stats-top  m-b \"><div class=\"porto-sicon-top\"><div id=\"porto-icon-174384597169fa9a643d494\" class=\"porto-just-icon-wrapper  \"><div class=\"align-icon\" style=\"text-align:center;\"><\/div><\/div><\/div><div class=\"stats-desc\"><div id=\"counter_120503417169fa9a643d4ab\" data-id=\"counter_120503417169fa9a643d4ab\" class=\"stats-number\" style=\" font-size:50px;color:#ffffff;\" data-speed=\"3\" data-counter-value=\"15\" data-separator=\",\" data-decimal=\".\">0<\/div><div class=\"stats-text\" style=\"font-size:20px;color:#ffffff;\">Y\u0131ll\u0131k Tecr\u00fcbe<\/div><\/div><\/div>[\/vc_column][vc_column width=&#8221;1\/4&#8243;]<div class=\"stats-block stats-top  m-b \"><div class=\"porto-sicon-top\"><div id=\"porto-icon-117305303969fa9a643d591\" class=\"porto-just-icon-wrapper  \"><div class=\"align-icon\" style=\"text-align:center;\"><\/div><\/div><\/div><div class=\"stats-desc\"><div id=\"counter_47934339269fa9a643d5a6\" data-id=\"counter_47934339269fa9a643d5a6\" class=\"stats-number\" style=\" font-size:50px;color:#ffffff;\" data-speed=\"3\" data-counter-value=\"500\" data-separator=\",\" data-decimal=\".\">0<\/div><div class=\"counter_suffix mycust\" style=\" font-size:50px;color:#ffffff\">+<\/div><div class=\"stats-text\" style=\"font-size:20px;color:#ffffff;\">\u00dcr\u00fcn \u00e7e\u015fidi<\/div><\/div><\/div>[\/vc_column][vc_column width=&#8221;1\/4&#8243;]<div class=\"stats-block stats-top  m-b \"><div class=\"porto-sicon-top\"><div id=\"porto-icon-67790830869fa9a643d68d\" class=\"porto-just-icon-wrapper  \"><div class=\"align-icon\" style=\"text-align:center;\"><\/div><\/div><\/div><div class=\"stats-desc\"><div id=\"counter_106093044469fa9a643d69f\" data-id=\"counter_106093044469fa9a643d69f\" class=\"stats-number\" style=\" font-size:50px;color:#ffffff;\" data-speed=\"3\" data-counter-value=\"9999\" data-separator=\",\" data-decimal=\".\">0<\/div><div class=\"counter_suffix mycust\" style=\" font-size:50px;color:#ffffff\">+<\/div><div class=\"stats-text\" style=\"font-size:20px;color:#ffffff;\">S\u0131n\u0131rs\u0131z kahve<\/div><\/div><\/div>[\/vc_column][\/vc_row]<\/p>\n","protected":false},"excerpt":{"rendered":"<p>[vc_row wrap_container=&#8221;yes&#8221; el_class=&#8221;p-b-lg&#8221;][vc_column][vc_column_text el_class=&#8221;text-left&#8221;] 2016 y\u0131l\u0131nda ba\u015flayan yolculu\u011fumuzda klasik ve modern uygulamalar\u0131m\u0131z ile metal&#8217;e \u015fekil vererek ortamlar\u0131n\u0131za renk ve \u0131\u015f\u0131k veriyoruz. \u00d6zel tasar\u0131mlar ile istedi\u011finiz \u00f6l\u00e7\u00fcde istedi\u011finiz zengin desenleri sizin i\u00e7in tasarlayabiliriz. \u00dclke \u00e7ap\u0131nda \u00dcretimini ger\u00e7ekle\u015ftirdi\u011fi y\u00fczlerce camii ve sosyal tesis,konut, i\u015f merkezi alanlar\u0131, Mimar Sinan Avize&#8217;nin derin tecr\u00fcbe ve bilgi birikimini yans\u0131tmaktad\u0131r. Her bir [&hellip;]<\/p>\n","protected":false},"author":1,"featured_media":0,"parent":0,"menu_order":0,"comment_status":"closed","ping_status":"closed","template":"","meta":{"footnotes":""},"_links":{"self":[{"href":"https:\/\/mimarsinanavize.com\/index.php\/wp-json\/wp\/v2\/pages\/55"}],"collection":[{"href":"https:\/\/mimarsinanavize.com\/index.php\/wp-json\/wp\/v2\/pages"}],"about":[{"href":"https:\/\/mimarsinanavize.com\/index.php\/wp-json\/wp\/v2\/types\/page"}],"author":[{"embeddable":true,"href":"https:\/\/mimarsinanavize.com\/index.php\/wp-json\/wp\/v2\/users\/1"}],"replies":[{"embeddable":true,"href":"https:\/\/mimarsinanavize.com\/index.php\/wp-json\/wp\/v2\/comments?post=55"}],"version-history":[{"count":4,"href":"https:\/\/mimarsinanavize.com\/index.php\/wp-json\/wp\/v2\/pages\/55\/revisions"}],"predecessor-version":[{"id":1385,"href":"https:\/\/mimarsinanavize.com\/index.php\/wp-json\/wp\/v2\/pages\/55\/revisions\/1385"}],"wp:attachment":[{"href":"https:\/\/mimarsinanavize.com\/index.php\/wp-json\/wp\/v2\/media?parent=55"}],"curies":[{"name":"wp","href":"https:\/\/api.w.org\/{rel}","templated":true}]}}