{"id":143,"date":"2016-06-20T07:48:11","date_gmt":"2016-06-20T07:48:11","guid":{"rendered":"http:\/\/sw-themes.com\/porto_dummy\/?page_id=143"},"modified":"2019-07-16T15:10:43","modified_gmt":"2019-07-16T12:10:43","slug":"home","status":"publish","type":"page","link":"https:\/\/mimarsinanavize.com\/","title":{"rendered":"Home"},"content":{"rendered":"<p>[vc_row wrap_container=&#8221;yes&#8221; el_class=&#8221;p-t-xxl&#8221;][vc_column]<h1 class=\"word-rotator-title short\" style=\"text-align:center;\"><span class=\"word-rotate-prefix\" style=\"\">Biz Mimar Sinan Avize olarak<\/span> <strong class=\"inverted\" style=\"font-family:&#039;Open Sans&#039;;color:#ffffff;background:#dd3333;\"><span class=\"word-rotate\" data-plugin-options=\"{'delay': 3000, 'animDelay': 200, 'pauseOnHover': false}\"><span class=\"word-rotate-items\"><span class=\"active\">en iyi fiyat<\/span><span>en bol \u00e7e\u015fit<\/span><span>en kaliteli \u00fcr\u00fcn<\/span><span>en h\u0131zl\u0131 teslimat<\/span><\/span><\/span><\/strong> <span class=\"word-rotate-suffix\" style=\"\">konusunda iddial\u0131y\u0131z..<\/span><\/h1>[vc_column_text el_class=&#8221;featured lead&#8221;]<\/p>\n<p style=\"text-align: center;\">Mimar Sinan Avize ile \u00e7al\u0131\u015ft\u0131\u011f\u0131n\u0131zda; Kaliteli ve g\u00fcvenli \u00fcr\u00fcn ald\u0131\u011f\u0131n\u0131zdan emin olursunuz. Geli\u015fmi\u015f ve \u00f6zverili bir sat\u0131\u015f \u00f6ncesi ve sonras\u0131 ileti\u015fim ve destek hizmetiyle kar\u015f\u0131lan\u0131rs\u0131n\u0131z. Geni\u015f \u00fcr\u00fcn ve tedarik yelpazesine sahip olursunuz. Her y\u00f6n\u00fcyle kurumsalla\u015fm\u0131\u015f bir \u00e7\u00f6z\u00fcm orta\u011f\u0131yla \u00e7al\u0131\u015fman\u0131n rahatl\u0131\u011f\u0131n\u0131 ya\u015fars\u0131n\u0131z ve en \u00f6nemlisi y\u00fcz\u00fcn\u00fcz g\u00fcler.<\/p>\n<p>[\/vc_column_text][\/vc_column][\/vc_row][vc_row wrap_container=&#8221;yes&#8221;][vc_column][\/vc_column][\/vc_row][vc_row][vc_column width=&#8221;1\/6&#8243;][\/vc_column][vc_column width=&#8221;1\/6&#8243;][vc_images_carousel images=&#8221;1321,1322,1323,1324&#8243; img_size=&#8221;full&#8221; speed=&#8221;3000&#8243; slides_per_view=&#8221;2&#8243; autoplay=&#8221;yes&#8221; wrap=&#8221;yes&#8221; title=&#8221;\u015eah Sultan Modellerimiz&#8221;][\/vc_column][vc_column width=&#8221;1\/6&#8243;][vc_images_carousel images=&#8221;1011,1012,1013,1014,1015&#8243; img_size=&#8221;full&#8221; speed=&#8221;3000&#8243; slides_per_view=&#8221;2&#8243; autoplay=&#8221;yes&#8221; wrap=&#8221;yes&#8221; title=&#8221;Al-\u0130 Osman Modellerimiz&#8221;][\/vc_column][vc_column width=&#8221;1\/6&#8243;][vc_images_carousel images=&#8221;1080,1084,1085,1086,1087&#8243; img_size=&#8221;full&#8221; speed=&#8221;3000&#8243; slides_per_view=&#8221;2&#8243; autoplay=&#8221;yes&#8221; wrap=&#8221;yes&#8221; title=&#8221;Gece Sefas\u0131 Modellerimiz&#8221;][\/vc_column][vc_column width=&#8221;1\/6&#8243;][vc_images_carousel images=&#8221;1350,1349,1348,1347,1346,1345,1343&#8243; img_size=&#8221;full&#8221; speed=&#8221;3000&#8243; slides_per_view=&#8221;2&#8243; autoplay=&#8221;yes&#8221; wrap=&#8221;yes&#8221; title=&#8221;Sudamlas\u0131 Modellerimiz&#8221;][\/vc_column][vc_column width=&#8221;1\/6&#8243;][\/vc_column][\/vc_row]<\/p>\n","protected":false},"excerpt":{"rendered":"<p>[vc_row wrap_container=&#8221;yes&#8221; el_class=&#8221;p-t-xxl&#8221;][vc_column][vc_column_text el_class=&#8221;featured lead&#8221;] Mimar Sinan Avize ile \u00e7al\u0131\u015ft\u0131\u011f\u0131n\u0131zda; Kaliteli ve g\u00fcvenli \u00fcr\u00fcn ald\u0131\u011f\u0131n\u0131zdan emin olursunuz. Geli\u015fmi\u015f ve \u00f6zverili bir sat\u0131\u015f \u00f6ncesi ve sonras\u0131 ileti\u015fim ve destek hizmetiyle kar\u015f\u0131lan\u0131rs\u0131n\u0131z. Geni\u015f \u00fcr\u00fcn ve tedarik yelpazesine sahip olursunuz. Her y\u00f6n\u00fcyle kurumsalla\u015fm\u0131\u015f bir \u00e7\u00f6z\u00fcm orta\u011f\u0131yla \u00e7al\u0131\u015fman\u0131n rahatl\u0131\u011f\u0131n\u0131 ya\u015fars\u0131n\u0131z ve en \u00f6nemlisi y\u00fcz\u00fcn\u00fcz g\u00fcler. [\/vc_column_text][\/vc_column][\/vc_row][vc_row wrap_container=&#8221;yes&#8221;][vc_column][\/vc_column][\/vc_row][vc_row][vc_column width=&#8221;1\/6&#8243;][\/vc_column][vc_column width=&#8221;1\/6&#8243;][vc_images_carousel [&hellip;]<\/p>\n","protected":false},"author":1,"featured_media":0,"parent":0,"menu_order":0,"comment_status":"closed","ping_status":"closed","template":"","meta":{"footnotes":""},"_links":{"self":[{"href":"https:\/\/mimarsinanavize.com\/index.php\/wp-json\/wp\/v2\/pages\/143"}],"collection":[{"href":"https:\/\/mimarsinanavize.com\/index.php\/wp-json\/wp\/v2\/pages"}],"about":[{"href":"https:\/\/mimarsinanavize.com\/index.php\/wp-json\/wp\/v2\/types\/page"}],"author":[{"embeddable":true,"href":"https:\/\/mimarsinanavize.com\/index.php\/wp-json\/wp\/v2\/users\/1"}],"replies":[{"embeddable":true,"href":"https:\/\/mimarsinanavize.com\/index.php\/wp-json\/wp\/v2\/comments?post=143"}],"version-history":[{"count":13,"href":"https:\/\/mimarsinanavize.com\/index.php\/wp-json\/wp\/v2\/pages\/143\/revisions"}],"predecessor-version":[{"id":1394,"href":"https:\/\/mimarsinanavize.com\/index.php\/wp-json\/wp\/v2\/pages\/143\/revisions\/1394"}],"wp:attachment":[{"href":"https:\/\/mimarsinanavize.com\/index.php\/wp-json\/wp\/v2\/media?parent=143"}],"curies":[{"name":"wp","href":"https:\/\/api.w.org\/{rel}","templated":true}]}}