{"id":1147,"date":"2019-07-16T01:46:23","date_gmt":"2019-07-15T22:46:23","guid":{"rendered":"http:\/\/mimarsinanavize.com\/index.php\/kutup-yildizi-avize-modelleri-kopya\/"},"modified":"2022-08-29T17:33:13","modified_gmt":"2022-08-29T14:33:13","slug":"kutup-yildizi-avize-modelleri","status":"publish","type":"page","link":"https:\/\/mimarsinanavize.com\/index.php\/kutup-yildizi-avize-modelleri\/","title":{"rendered":"Kutup Y\u0131ld\u0131z\u0131 Avize Modelleri"},"content":{"rendered":"<p>[vc_row][vc_column][vc_media_grid element_width=&#8221;3&#8243; item=&#8221;1063&#8243; initial_loading_animation=&#8221;none&#8221; grid_id=&#8221;vc_gid:1661785245550-808963a8553a7c5edbc1b5a4856f7c03-6&#8243; include=&#8221;1479,1480,1481,1482,1483,1484,1485,1486,1487,1488,1489,1490,1491,1492&#8243;][\/vc_column][\/vc_row]<\/p>\n","protected":false},"excerpt":{"rendered":"<p>[vc_row][vc_column][vc_media_grid element_width=&#8221;3&#8243; item=&#8221;1063&#8243; initial_loading_animation=&#8221;none&#8221; grid_id=&#8221;vc_gid:1661785245550-808963a8553a7c5edbc1b5a4856f7c03-6&#8243; include=&#8221;1479,1480,1481,1482,1483,1484,1485,1486,1487,1488,1489,1490,1491,1492&#8243;][\/vc_column][\/vc_row]<\/p>\n","protected":false},"author":1,"featured_media":0,"parent":0,"menu_order":0,"comment_status":"closed","ping_status":"closed","template":"","meta":{"footnotes":""},"_links":{"self":[{"href":"https:\/\/mimarsinanavize.com\/index.php\/wp-json\/wp\/v2\/pages\/1147"}],"collection":[{"href":"https:\/\/mimarsinanavize.com\/index.php\/wp-json\/wp\/v2\/pages"}],"about":[{"href":"https:\/\/mimarsinanavize.com\/index.php\/wp-json\/wp\/v2\/types\/page"}],"author":[{"embeddable":true,"href":"https:\/\/mimarsinanavize.com\/index.php\/wp-json\/wp\/v2\/users\/1"}],"replies":[{"embeddable":true,"href":"https:\/\/mimarsinanavize.com\/index.php\/wp-json\/wp\/v2\/comments?post=1147"}],"version-history":[{"count":47,"href":"https:\/\/mimarsinanavize.com\/index.php\/wp-json\/wp\/v2\/pages\/1147\/revisions"}],"predecessor-version":[{"id":1493,"href":"https:\/\/mimarsinanavize.com\/index.php\/wp-json\/wp\/v2\/pages\/1147\/revisions\/1493"}],"wp:attachment":[{"href":"https:\/\/mimarsinanavize.com\/index.php\/wp-json\/wp\/v2\/media?parent=1147"}],"curies":[{"name":"wp","href":"https:\/\/api.w.org\/{rel}","templated":true}]}}